{"id":12321,"date":"2023-07-06T12:54:40","date_gmt":"2023-07-06T09:54:40","guid":{"rendered":"https:\/\/cizgi.k12.tr\/cizgi-yazilim-lisesi\/?page_id=12321"},"modified":"2023-07-13T15:38:25","modified_gmt":"2023-07-13T12:38:25","slug":"bilim-senligi-2022","status":"publish","type":"page","link":"https:\/\/cizgi.k12.tr\/cizgi-yazilim-lisesi\/bilim-senligi-2022\/","title":{"rendered":"B\u0130L\u0130M \u015eENL\u0130\u011e\u0130 2022"},"content":{"rendered":"\t\t<div data-elementor-type=\"wp-page\" data-elementor-id=\"12321\" class=\"elementor elementor-12321\">\n\t\t\t\t\t\t\t\t\t<section class=\"elementor-section elementor-top-section elementor-element elementor-element-30ab68f elementor-section-stretched elementor-section-boxed elementor-section-height-default elementor-section-height-default exad-glass-effect-no exad-sticky-section-no\" data-id=\"30ab68f\" data-element_type=\"section\" data-settings=\"{&quot;stretch_section&quot;:&quot;section-stretched&quot;}\">\n\t\t\t\t\t\t<div class=\"elementor-container elementor-column-gap-default\">\n\t\t\t\t\t<div class=\"elementor-column elementor-col-100 elementor-top-column elementor-element elementor-element-70a2873 exad-glass-effect-no exad-sticky-section-no\" data-id=\"70a2873\" data-element_type=\"column\">\n\t\t\t<div class=\"elementor-widget-wrap\">\n\t\t\t\t\t\t\t\t\t<\/div>\n\t\t<\/div>\n\t\t\t\t\t\t\t<\/div>\n\t\t<\/section>\n\t\t\t\t<section class=\"elementor-section elementor-top-section elementor-element elementor-element-c134d58 elementor-section-boxed elementor-section-height-default elementor-section-height-default exad-glass-effect-no exad-sticky-section-no\" data-id=\"c134d58\" data-element_type=\"section\">\n\t\t\t\t\t\t<div class=\"elementor-container elementor-column-gap-default\">\n\t\t\t\t\t<div class=\"elementor-column elementor-col-100 elementor-top-column elementor-element elementor-element-f5d9208 exad-glass-effect-no exad-sticky-section-no\" data-id=\"f5d9208\" data-element_type=\"column\">\n\t\t\t<div class=\"elementor-widget-wrap elementor-element-populated\">\n\t\t\t\t\t\t\t\t<div class=\"elementor-element elementor-element-1b4fe45 elementor-grid-eael-col-2 elementor-grid-tablet-eael-col-2 elementor-grid-mobile-eael-col-1 exad-sticky-section-no exad-glass-effect-no elementor-widget elementor-widget-eael-post-grid\" data-id=\"1b4fe45\" data-element_type=\"widget\" data-settings=\"{&quot;eael_post_grid_columns&quot;:&quot;eael-col-2&quot;,&quot;eael_post_grid_columns_tablet&quot;:&quot;eael-col-2&quot;,&quot;eael_post_grid_columns_mobile&quot;:&quot;eael-col-1&quot;}\" data-widget_type=\"eael-post-grid.default\">\n\t\t\t\t<div class=\"elementor-widget-container\">\n\t\t\t<div id=\"eael-post-grid-1b4fe45\" class=\"eael-post-grid-container\">\n            <div class=\"eael-post-grid eael-post-appender eael-post-appender-1b4fe45 eael-post-grid-style-two\" data-layout-mode=\"masonry\"><article class=\"eael-grid-post eael-post-grid-column\" data-id=\"12357\">\n        <div class=\"eael-grid-post-holder\">\n            <div class=\"eael-grid-post-holder-inner\"><div class=\"eael-entry-media\"><div class=\"eael-entry-overlay fade-in\"><i class=\"fas fa-long-arrow-alt-right\" aria-hidden=\"true\"><\/i><a href=\"https:\/\/cizgi.k12.tr\/cizgi-yazilim-lisesi\/led-kup-projesi\/\"><\/a><\/div><div class=\"eael-entry-thumbnail \">\n                                <img loading=\"lazy\" decoding=\"async\" width=\"600\" height=\"800\" src=\"https:\/\/cizgi.k12.tr\/cizgi-yazilim-lisesi\/wp-content\/uploads\/2022\/04\/ee.jpg\" class=\"attachment-large size-large wp-image-12360\" alt=\"\" srcset=\"https:\/\/cizgi.k12.tr\/cizgi-yazilim-lisesi\/wp-content\/uploads\/2022\/04\/ee.jpg 600w, https:\/\/cizgi.k12.tr\/cizgi-yazilim-lisesi\/wp-content\/uploads\/2022\/04\/ee-225x300.jpg 225w\" sizes=\"auto, (max-width: 600px) 100vw, 600px\" \/>\n                              <\/div>\n                      <\/div><div class=\"eael-entry-wrapper\"><header class=\"eael-entry-header\"><h4 class=\"eael-entry-title\"><a\n                                    class=\"eael-grid-post-link\"\n                                    href=\"https:\/\/cizgi.k12.tr\/cizgi-yazilim-lisesi\/led-kup-projesi\/\"\n                                    title=\"LED K\u00dcP PROJES\u0130\">LED K\u00dcP PROJES\u0130<\/a><\/h4><\/header><div class=\"eael-entry-content\">\n                                    <div class=\"eael-grid-post-excerpt\"><p>Led K\u00fcp 4&#215;4 Neden Led K\u00fcp Yap\u0131yoruz? Bitirdi\u011finizde g\u00fczel ve&hellip;...<\/p><\/div>\n                                <\/div><div class=\"eael-entry-header-after style-two\"><div class=\"eael-entry-meta\"><span class=\"eael-meta-posted-on\"><i class=\"far fa-clock\"><\/i><time datetime=\"29 Nisan 2022\">29 Nisan 2022<\/time><\/span><\/div><\/div><\/div><\/div>\n        <\/div>\n    <\/article><article class=\"eael-grid-post eael-post-grid-column\" data-id=\"12368\">\n        <div class=\"eael-grid-post-holder\">\n            <div class=\"eael-grid-post-holder-inner\"><div class=\"eael-entry-media\"><div class=\"eael-entry-overlay fade-in\"><i class=\"fas fa-long-arrow-alt-right\" aria-hidden=\"true\"><\/i><a href=\"https:\/\/cizgi.k12.tr\/cizgi-yazilim-lisesi\/arduino-5110-lcd-geri-sayim-robotu\/\"><\/a><\/div><div class=\"eael-entry-thumbnail \">\n                                <img loading=\"lazy\" decoding=\"async\" width=\"500\" height=\"934\" src=\"https:\/\/cizgi.k12.tr\/cizgi-yazilim-lisesi\/wp-content\/uploads\/2022\/05\/cdcdc.jpg\" class=\"attachment-large size-large wp-image-12370\" alt=\"\" srcset=\"https:\/\/cizgi.k12.tr\/cizgi-yazilim-lisesi\/wp-content\/uploads\/2022\/05\/cdcdc.jpg 500w, https:\/\/cizgi.k12.tr\/cizgi-yazilim-lisesi\/wp-content\/uploads\/2022\/05\/cdcdc-161x300.jpg 161w\" sizes=\"auto, (max-width: 500px) 100vw, 500px\" \/>\n                              <\/div>\n                      <\/div><div class=\"eael-entry-wrapper\"><header class=\"eael-entry-header\"><h4 class=\"eael-entry-title\"><a\n                                    class=\"eael-grid-post-link\"\n                                    href=\"https:\/\/cizgi.k12.tr\/cizgi-yazilim-lisesi\/arduino-5110-lcd-geri-sayim-robotu\/\"\n                                    title=\"ARDU\u0130NO 5110 LCD GER\u0130 SAYIM ROBOTU\">ARDU\u0130NO 5110 LCD GER\u0130 SAYIM ROBOTU<\/a><\/h4><\/header><div class=\"eael-entry-content\">\n                                    <div class=\"eael-grid-post-excerpt\"><p>Arduino 5110 LCD Geri Say\u0131m robotu Arduino 5110 LCD Geri&hellip;...<\/p><\/div>\n                                <\/div><div class=\"eael-entry-header-after style-two\"><div class=\"eael-entry-meta\"><span class=\"eael-meta-posted-on\"><i class=\"far fa-clock\"><\/i><time datetime=\"29 May\u0131s 2022\">29 May\u0131s 2022<\/time><\/span><\/div><\/div><\/div><\/div>\n        <\/div>\n    <\/article><article class=\"eael-grid-post eael-post-grid-column\" data-id=\"12419\">\n        <div class=\"eael-grid-post-holder\">\n            <div class=\"eael-grid-post-holder-inner\"><div class=\"eael-entry-media\"><div class=\"eael-entry-overlay fade-in\"><i class=\"fas fa-long-arrow-alt-right\" aria-hidden=\"true\"><\/i><a href=\"https:\/\/cizgi.k12.tr\/cizgi-yazilim-lisesi\/uzaktan-kontrollu-arduino-araba\/\"><\/a><\/div><div class=\"eael-entry-thumbnail \">\n                                <img loading=\"lazy\" decoding=\"async\" width=\"800\" height=\"965\" src=\"https:\/\/cizgi.k12.tr\/cizgi-yazilim-lisesi\/wp-content\/uploads\/2022\/05\/WhatsApp-Image-2022-06-06-at-14.41.07-849x1024-1.jpg\" class=\"attachment-large size-large wp-image-12421\" alt=\"\" srcset=\"https:\/\/cizgi.k12.tr\/cizgi-yazilim-lisesi\/wp-content\/uploads\/2022\/05\/WhatsApp-Image-2022-06-06-at-14.41.07-849x1024-1.jpg 849w, https:\/\/cizgi.k12.tr\/cizgi-yazilim-lisesi\/wp-content\/uploads\/2022\/05\/WhatsApp-Image-2022-06-06-at-14.41.07-849x1024-1-249x300.jpg 249w, https:\/\/cizgi.k12.tr\/cizgi-yazilim-lisesi\/wp-content\/uploads\/2022\/05\/WhatsApp-Image-2022-06-06-at-14.41.07-849x1024-1-768x926.jpg 768w\" sizes=\"auto, (max-width: 800px) 100vw, 800px\" \/>\n                              <\/div>\n                      <\/div><div class=\"eael-entry-wrapper\"><header class=\"eael-entry-header\"><h4 class=\"eael-entry-title\"><a\n                                    class=\"eael-grid-post-link\"\n                                    href=\"https:\/\/cizgi.k12.tr\/cizgi-yazilim-lisesi\/uzaktan-kontrollu-arduino-araba\/\"\n                                    title=\"UZAKTAN KONTROLL\u00dc ARDU\u0130NO ARABA\">UZAKTAN KONTROLL\u00dc ARDU\u0130NO ARABA<\/a><\/h4><\/header><div class=\"eael-entry-content\">\n                                    <div class=\"eael-grid-post-excerpt\"><p>uzaktan kontroll\u00fc arduino araba UZAKTAN KONTROLL\u00dc ARDU\u0130NO ARABA Uzaktan kontroll\u00fc&hellip;...<\/p><\/div>\n                                <\/div><div class=\"eael-entry-header-after style-two\"><div class=\"eael-entry-meta\"><span class=\"eael-meta-posted-on\"><i class=\"far fa-clock\"><\/i><time datetime=\"29 May\u0131s 2022\">29 May\u0131s 2022<\/time><\/span><\/div><\/div><\/div><\/div>\n        <\/div>\n    <\/article><article class=\"eael-grid-post eael-post-grid-column\" data-id=\"2359\">\n        <div class=\"eael-grid-post-holder\">\n            <div class=\"eael-grid-post-holder-inner\"><div class=\"eael-entry-media\"><div class=\"eael-entry-overlay fade-in\"><i class=\"fas fa-long-arrow-alt-right\" aria-hidden=\"true\"><\/i><a href=\"https:\/\/cizgi.k12.tr\/cizgi-yazilim-lisesi\/cizgi-izleyen-robot\/\"><\/a><\/div><div class=\"eael-entry-thumbnail \">\n                                <img loading=\"lazy\" decoding=\"async\" width=\"800\" height=\"1021\" src=\"https:\/\/cizgi.k12.tr\/cizgi-yazilim-lisesi\/wp-content\/uploads\/2018\/01\/cizgiizleyenRobot002-802x1024.jpg\" class=\"attachment-large size-large wp-image-12327\" alt=\"\" srcset=\"https:\/\/cizgi.k12.tr\/cizgi-yazilim-lisesi\/wp-content\/uploads\/2018\/01\/cizgiizleyenRobot002-802x1024.jpg 802w, https:\/\/cizgi.k12.tr\/cizgi-yazilim-lisesi\/wp-content\/uploads\/2018\/01\/cizgiizleyenRobot002-235x300.jpg 235w, https:\/\/cizgi.k12.tr\/cizgi-yazilim-lisesi\/wp-content\/uploads\/2018\/01\/cizgiizleyenRobot002-768x980.jpg 768w, https:\/\/cizgi.k12.tr\/cizgi-yazilim-lisesi\/wp-content\/uploads\/2018\/01\/cizgiizleyenRobot002.jpg 844w\" sizes=\"auto, (max-width: 800px) 100vw, 800px\" \/>\n                              <\/div>\n                      <\/div><div class=\"eael-entry-wrapper\"><header class=\"eael-entry-header\"><h4 class=\"eael-entry-title\"><a\n                                    class=\"eael-grid-post-link\"\n                                    href=\"https:\/\/cizgi.k12.tr\/cizgi-yazilim-lisesi\/cizgi-izleyen-robot\/\"\n                                    title=\"\u00c7\u0130ZG\u0130 \u0130ZLEYEN ROBOT\">\u00c7\u0130ZG\u0130 \u0130ZLEYEN ROBOT<\/a><\/h4><\/header><div class=\"eael-entry-content\">\n                                    <div class=\"eael-grid-post-excerpt\"><p>\u00c7izgi \u0130zleyen Robot \u00c7izgi \u0130zleyen Robot Nedir? \u00c7izgi izleyen robotlar&hellip;...<\/p><\/div>\n                                <\/div><div class=\"eael-entry-header-after style-two\"><div class=\"eael-entry-meta\"><span class=\"eael-meta-posted-on\"><i class=\"far fa-clock\"><\/i><time datetime=\"29 May\u0131s 2022\">29 May\u0131s 2022<\/time><\/span><\/div><\/div><\/div><\/div>\n        <\/div>\n    <\/article><article class=\"eael-grid-post eael-post-grid-column\" data-id=\"12343\">\n        <div class=\"eael-grid-post-holder\">\n            <div class=\"eael-grid-post-holder-inner\"><div class=\"eael-entry-media\"><div class=\"eael-entry-overlay fade-in\"><i class=\"fas fa-long-arrow-alt-right\" aria-hidden=\"true\"><\/i><a href=\"https:\/\/cizgi.k12.tr\/cizgi-yazilim-lisesi\/engelden-kacan-robot\/\"><\/a><\/div><div class=\"eael-entry-thumbnail \">\n                                <img loading=\"lazy\" decoding=\"async\" width=\"518\" height=\"920\" src=\"https:\/\/cizgi.k12.tr\/cizgi-yazilim-lisesi\/wp-content\/uploads\/2022\/06\/Resim2.jpg\" class=\"attachment-large size-large wp-image-12345\" alt=\"\" srcset=\"https:\/\/cizgi.k12.tr\/cizgi-yazilim-lisesi\/wp-content\/uploads\/2022\/06\/Resim2.jpg 518w, https:\/\/cizgi.k12.tr\/cizgi-yazilim-lisesi\/wp-content\/uploads\/2022\/06\/Resim2-169x300.jpg 169w\" sizes=\"auto, (max-width: 518px) 100vw, 518px\" \/>\n                              <\/div>\n                      <\/div><div class=\"eael-entry-wrapper\"><header class=\"eael-entry-header\"><h4 class=\"eael-entry-title\"><a\n                                    class=\"eael-grid-post-link\"\n                                    href=\"https:\/\/cizgi.k12.tr\/cizgi-yazilim-lisesi\/engelden-kacan-robot\/\"\n                                    title=\"ENGELDEN KA\u00c7AN ROBOT\">ENGELDEN KA\u00c7AN ROBOT<\/a><\/h4><\/header><div class=\"eael-entry-content\">\n                                    <div class=\"eael-grid-post-excerpt\"><p>engelden ka\u00e7an robot Engelden Ka\u00e7an Robot Nedir? Engelden ka\u00e7an robot&hellip;...<\/p><\/div>\n                                <\/div><div class=\"eael-entry-header-after style-two\"><div class=\"eael-entry-meta\"><span class=\"eael-meta-posted-on\"><i class=\"far fa-clock\"><\/i><time datetime=\"29 May\u0131s 2022\">29 May\u0131s 2022<\/time><\/span><\/div><\/div><\/div><\/div>\n        <\/div>\n    <\/article><article class=\"eael-grid-post eael-post-grid-column\" data-id=\"12377\">\n        <div class=\"eael-grid-post-holder\">\n            <div class=\"eael-grid-post-holder-inner\"><div class=\"eael-entry-media\"><div class=\"eael-entry-overlay fade-in\"><i class=\"fas fa-long-arrow-alt-right\" aria-hidden=\"true\"><\/i><a href=\"https:\/\/cizgi.k12.tr\/cizgi-yazilim-lisesi\/akilli-ev-projesi\/\"><\/a><\/div><div class=\"eael-entry-thumbnail \">\n                                <img loading=\"lazy\" decoding=\"async\" width=\"769\" height=\"1024\" src=\"https:\/\/cizgi.k12.tr\/cizgi-yazilim-lisesi\/wp-content\/uploads\/2022\/05\/WhatsApp-Image-2022-06-06-at-14.15.28-769x1024-1.jpg\" class=\"attachment-large size-large wp-image-12379\" alt=\"\" srcset=\"https:\/\/cizgi.k12.tr\/cizgi-yazilim-lisesi\/wp-content\/uploads\/2022\/05\/WhatsApp-Image-2022-06-06-at-14.15.28-769x1024-1.jpg 769w, https:\/\/cizgi.k12.tr\/cizgi-yazilim-lisesi\/wp-content\/uploads\/2022\/05\/WhatsApp-Image-2022-06-06-at-14.15.28-769x1024-1-225x300.jpg 225w\" sizes=\"auto, (max-width: 769px) 100vw, 769px\" \/>\n                              <\/div>\n                      <\/div><div class=\"eael-entry-wrapper\"><header class=\"eael-entry-header\"><h4 class=\"eael-entry-title\"><a\n                                    class=\"eael-grid-post-link\"\n                                    href=\"https:\/\/cizgi.k12.tr\/cizgi-yazilim-lisesi\/akilli-ev-projesi\/\"\n                                    title=\"AKILLI EV PROJES\u0130\">AKILLI EV PROJES\u0130<\/a><\/h4><\/header><div class=\"eael-entry-content\">\n                                    <div class=\"eael-grid-post-excerpt\"><p>ak\u0131ll\u0131 ev projesi Ak\u0131ll\u0131 Ev Nedir ? G\u00fcn\u00fcm\u00fczde Ak\u0131ll\u0131 Ev&hellip;...<\/p><\/div>\n                                <\/div><div class=\"eael-entry-header-after style-two\"><div class=\"eael-entry-meta\"><span class=\"eael-meta-posted-on\"><i class=\"far fa-clock\"><\/i><time datetime=\"29 May\u0131s 2022\">29 May\u0131s 2022<\/time><\/span><\/div><\/div><\/div><\/div>\n        <\/div>\n    <\/article><article class=\"eael-grid-post eael-post-grid-column\" data-id=\"12396\">\n        <div class=\"eael-grid-post-holder\">\n            <div class=\"eael-grid-post-holder-inner\"><div class=\"eael-entry-media\"><div class=\"eael-entry-overlay fade-in\"><i class=\"fas fa-long-arrow-alt-right\" aria-hidden=\"true\"><\/i><a href=\"https:\/\/cizgi.k12.tr\/cizgi-yazilim-lisesi\/paletli-tank-projesi\/\"><\/a><\/div><div class=\"eael-entry-thumbnail \">\n                                <img loading=\"lazy\" decoding=\"async\" width=\"800\" height=\"600\" src=\"https:\/\/cizgi.k12.tr\/cizgi-yazilim-lisesi\/wp-content\/uploads\/2022\/05\/WhatsApp-Image-2022-06-03-at-12.14.39.jpg\" class=\"attachment-large size-large wp-image-12398\" alt=\"\" srcset=\"https:\/\/cizgi.k12.tr\/cizgi-yazilim-lisesi\/wp-content\/uploads\/2022\/05\/WhatsApp-Image-2022-06-03-at-12.14.39.jpg 1024w, https:\/\/cizgi.k12.tr\/cizgi-yazilim-lisesi\/wp-content\/uploads\/2022\/05\/WhatsApp-Image-2022-06-03-at-12.14.39-300x225.jpg 300w, https:\/\/cizgi.k12.tr\/cizgi-yazilim-lisesi\/wp-content\/uploads\/2022\/05\/WhatsApp-Image-2022-06-03-at-12.14.39-768x576.jpg 768w\" sizes=\"auto, (max-width: 800px) 100vw, 800px\" \/>\n                              <\/div>\n                      <\/div><div class=\"eael-entry-wrapper\"><header class=\"eael-entry-header\"><h4 class=\"eael-entry-title\"><a\n                                    class=\"eael-grid-post-link\"\n                                    href=\"https:\/\/cizgi.k12.tr\/cizgi-yazilim-lisesi\/paletli-tank-projesi\/\"\n                                    title=\"PALETL\u0130 TANK PROJES\u0130\">PALETL\u0130 TANK PROJES\u0130<\/a><\/h4><\/header><div class=\"eael-entry-content\">\n                                    <div class=\"eael-grid-post-excerpt\"><p>paletli tank projesi Paletli tank nedir? Projemizde ihtiyac\u0131m\u0131z olan dayan\u0131kl\u0131l\u0131k&hellip;...<\/p><\/div>\n                                <\/div><div class=\"eael-entry-header-after style-two\"><div class=\"eael-entry-meta\"><span class=\"eael-meta-posted-on\"><i class=\"far fa-clock\"><\/i><time datetime=\"29 May\u0131s 2022\">29 May\u0131s 2022<\/time><\/span><\/div><\/div><\/div><\/div>\n        <\/div>\n    <\/article><article class=\"eael-grid-post eael-post-grid-column\" data-id=\"12406\">\n        <div class=\"eael-grid-post-holder\">\n            <div class=\"eael-grid-post-holder-inner\"><div class=\"eael-entry-media\"><div class=\"eael-entry-overlay fade-in\"><i class=\"fas fa-long-arrow-alt-right\" aria-hidden=\"true\"><\/i><a href=\"https:\/\/cizgi.k12.tr\/cizgi-yazilim-lisesi\/dortgoz-projesi\/\"><\/a><\/div><div class=\"eael-entry-thumbnail \">\n                                <img loading=\"lazy\" decoding=\"async\" width=\"800\" height=\"361\" src=\"https:\/\/cizgi.k12.tr\/cizgi-yazilim-lisesi\/wp-content\/uploads\/2022\/05\/20220607_125724-1024x462-1.jpg\" class=\"attachment-large size-large wp-image-12410\" alt=\"\" srcset=\"https:\/\/cizgi.k12.tr\/cizgi-yazilim-lisesi\/wp-content\/uploads\/2022\/05\/20220607_125724-1024x462-1.jpg 1024w, https:\/\/cizgi.k12.tr\/cizgi-yazilim-lisesi\/wp-content\/uploads\/2022\/05\/20220607_125724-1024x462-1-300x135.jpg 300w, https:\/\/cizgi.k12.tr\/cizgi-yazilim-lisesi\/wp-content\/uploads\/2022\/05\/20220607_125724-1024x462-1-768x347.jpg 768w\" sizes=\"auto, (max-width: 800px) 100vw, 800px\" \/>\n                              <\/div>\n                      <\/div><div class=\"eael-entry-wrapper\"><header class=\"eael-entry-header\"><h4 class=\"eael-entry-title\"><a\n                                    class=\"eael-grid-post-link\"\n                                    href=\"https:\/\/cizgi.k12.tr\/cizgi-yazilim-lisesi\/dortgoz-projesi\/\"\n                                    title=\"D\u00d6RTG\u00d6Z PROJES\u0130\">D\u00d6RTG\u00d6Z PROJES\u0130<\/a><\/h4><\/header><div class=\"eael-entry-content\">\n                                    <div class=\"eael-grid-post-excerpt\"><p>d\u00f6rtg\u00f6z projesi D\u00f6rtG\u00f6z Robot Nedir? Engelden ka\u00e7an robot di\u011fer ad\u0131yla&hellip;...<\/p><\/div>\n                                <\/div><div class=\"eael-entry-header-after style-two\"><div class=\"eael-entry-meta\"><span class=\"eael-meta-posted-on\"><i class=\"far fa-clock\"><\/i><time datetime=\"29 May\u0131s 2022\">29 May\u0131s 2022<\/time><\/span><\/div><\/div><\/div><\/div>\n        <\/div>\n    <\/article><article class=\"eael-grid-post eael-post-grid-column\" data-id=\"12429\">\n        <div class=\"eael-grid-post-holder\">\n            <div class=\"eael-grid-post-holder-inner\"><div class=\"eael-entry-media\"><div class=\"eael-entry-overlay fade-in\"><i class=\"fas fa-long-arrow-alt-right\" aria-hidden=\"true\"><\/i><a href=\"https:\/\/cizgi.k12.tr\/cizgi-yazilim-lisesi\/uzaktan-kontrollu-robot-kol\/\"><\/a><\/div><div class=\"eael-entry-thumbnail \">\n                                <img loading=\"lazy\" decoding=\"async\" width=\"768\" height=\"1024\" src=\"https:\/\/cizgi.k12.tr\/cizgi-yazilim-lisesi\/wp-content\/uploads\/2022\/05\/IMG_3576-768x1024-1.jpg\" class=\"attachment-large size-large wp-image-12431\" alt=\"\" srcset=\"https:\/\/cizgi.k12.tr\/cizgi-yazilim-lisesi\/wp-content\/uploads\/2022\/05\/IMG_3576-768x1024-1.jpg 768w, https:\/\/cizgi.k12.tr\/cizgi-yazilim-lisesi\/wp-content\/uploads\/2022\/05\/IMG_3576-768x1024-1-225x300.jpg 225w\" sizes=\"auto, (max-width: 768px) 100vw, 768px\" \/>\n                              <\/div>\n                      <\/div><div class=\"eael-entry-wrapper\"><header class=\"eael-entry-header\"><h4 class=\"eael-entry-title\"><a\n                                    class=\"eael-grid-post-link\"\n                                    href=\"https:\/\/cizgi.k12.tr\/cizgi-yazilim-lisesi\/uzaktan-kontrollu-robot-kol\/\"\n                                    title=\"UZAKTAN KONTROLL\u00dc ROBOT KOL\">UZAKTAN KONTROLL\u00dc ROBOT KOL<\/a><\/h4><\/header><div class=\"eael-entry-content\">\n                                    <div class=\"eael-grid-post-excerpt\"><p>uzaktan kontroll\u00fc robot kol UZAKTAN KONTROLL\u00dc ROBOT KOL \u0130nsanlar\u0131n bir&hellip;...<\/p><\/div>\n                                <\/div><div class=\"eael-entry-header-after style-two\"><div class=\"eael-entry-meta\"><span class=\"eael-meta-posted-on\"><i class=\"far fa-clock\"><\/i><time datetime=\"29 May\u0131s 2022\">29 May\u0131s 2022<\/time><\/span><\/div><\/div><\/div><\/div>\n        <\/div>\n    <\/article><article class=\"eael-grid-post eael-post-grid-column\" data-id=\"12439\">\n        <div class=\"eael-grid-post-holder\">\n            <div class=\"eael-grid-post-holder-inner\"><div class=\"eael-entry-media\"><div class=\"eael-entry-overlay fade-in\"><i class=\"fas fa-long-arrow-alt-right\" aria-hidden=\"true\"><\/i><a href=\"https:\/\/cizgi.k12.tr\/cizgi-yazilim-lisesi\/tas-kagit-makas-robotu\/\"><\/a><\/div><div class=\"eael-entry-thumbnail \">\n                                <img loading=\"lazy\" decoding=\"async\" width=\"768\" height=\"1024\" src=\"https:\/\/cizgi.k12.tr\/cizgi-yazilim-lisesi\/wp-content\/uploads\/2022\/05\/IMG_3569-768x1024-1.jpg\" class=\"attachment-large size-large wp-image-12445\" alt=\"\" srcset=\"https:\/\/cizgi.k12.tr\/cizgi-yazilim-lisesi\/wp-content\/uploads\/2022\/05\/IMG_3569-768x1024-1.jpg 768w, https:\/\/cizgi.k12.tr\/cizgi-yazilim-lisesi\/wp-content\/uploads\/2022\/05\/IMG_3569-768x1024-1-225x300.jpg 225w\" sizes=\"auto, (max-width: 768px) 100vw, 768px\" \/>\n                              <\/div>\n                      <\/div><div class=\"eael-entry-wrapper\"><header class=\"eael-entry-header\"><h4 class=\"eael-entry-title\"><a\n                                    class=\"eael-grid-post-link\"\n                                    href=\"https:\/\/cizgi.k12.tr\/cizgi-yazilim-lisesi\/tas-kagit-makas-robotu\/\"\n                                    title=\"TA\u015e KA\u011eIT MAKAS ROBOTU\">TA\u015e KA\u011eIT MAKAS ROBOTU<\/a><\/h4><\/header><div class=\"eael-entry-content\">\n                                    <div class=\"eael-grid-post-excerpt\"><p>ta\u015f ka\u011f\u0131t makas robotu TAS KA\u011eIT MAKAS ROBOTU Ta\u015f ka\u011f\u0131t&hellip;...<\/p><\/div>\n                                <\/div><div class=\"eael-entry-header-after style-two\"><div class=\"eael-entry-meta\"><span class=\"eael-meta-posted-on\"><i class=\"far fa-clock\"><\/i><time datetime=\"29 May\u0131s 2022\">29 May\u0131s 2022<\/time><\/span><\/div><\/div><\/div><\/div>\n        <\/div>\n    <\/article><\/div>\n            <div class=\"clearfix\"><\/div>\n        <\/div>            <div class=\"eael-load-more-button-wrap eael-force-hide\">\n                <button class=\"eael-load-more-button\" id=\"eael-load-more-btn-1b4fe45\" data-widget-id=\"1b4fe45\" data-widget=\"1b4fe45\" data-page-id=\"12321\" data-template=\"{&quot;dir&quot;:&quot;lite&quot;,&quot;file_name&quot;:&quot;default.php&quot;,&quot;name&quot;:&quot;Post-Grid&quot;}\" data-class=\"Essential_Addons_Elementor\\Elements\\Post_Grid\" data-layout=\"masonry\" data-page=\"1\" data-args=\"orderby=date&amp;order=asc&amp;ignore_sticky_posts=1&amp;post_status=publish&amp;posts_per_page=&amp;offset=0&amp;post_type=post\" data-max-page=\"10\">\n                    <span class=\"eael-btn-loader button__loader\"><\/span>\n                    <span class=\"eael_load_more_text\">Dahas\u0131<\/span>\n                <\/button>\n            <\/div>\n            \t\t<\/div>\n\t\t\t\t<\/div>\n\t\t\t\t\t<\/div>\n\t\t<\/div>\n\t\t\t\t\t\t\t<\/div>\n\t\t<\/section>\n\t\t\t\t\t\t\t<\/div>\n\t\t","protected":false},"excerpt":{"rendered":"<p>LED K\u00dcP PROJES\u0130 Led K\u00fcp 4&#215;4 Neden Led K\u00fcp Yap\u0131yoruz?&hellip;<\/p>\n<p> <a class=\"more-link\" href=\"https:\/\/cizgi.k12.tr\/cizgi-yazilim-lisesi\/tas-kagit-makas-robotu\/\">Daha fazla oku<\/a><\/p>\n","protected":false},"author":1,"featured_media":0,"parent":0,"menu_order":0,"comment_status":"closed","ping_status":"closed","template":"elementor_header_footer","meta":{"_monsterinsights_skip_tracking":false,"_monsterinsights_sitenote_active":false,"_monsterinsights_sitenote_note":"","_monsterinsights_sitenote_category":0,"footnotes":""},"class_list":["post-12321","page","type-page","status-publish"],"aioseo_notices":[],"_links":{"self":[{"href":"https:\/\/cizgi.k12.tr\/cizgi-yazilim-lisesi\/wp-json\/wp\/v2\/pages\/12321","targetHints":{"allow":["GET"]}}],"collection":[{"href":"https:\/\/cizgi.k12.tr\/cizgi-yazilim-lisesi\/wp-json\/wp\/v2\/pages"}],"about":[{"href":"https:\/\/cizgi.k12.tr\/cizgi-yazilim-lisesi\/wp-json\/wp\/v2\/types\/page"}],"author":[{"embeddable":true,"href":"https:\/\/cizgi.k12.tr\/cizgi-yazilim-lisesi\/wp-json\/wp\/v2\/users\/1"}],"replies":[{"embeddable":true,"href":"https:\/\/cizgi.k12.tr\/cizgi-yazilim-lisesi\/wp-json\/wp\/v2\/comments?post=12321"}],"version-history":[{"count":11,"href":"https:\/\/cizgi.k12.tr\/cizgi-yazilim-lisesi\/wp-json\/wp\/v2\/pages\/12321\/revisions"}],"predecessor-version":[{"id":12544,"href":"https:\/\/cizgi.k12.tr\/cizgi-yazilim-lisesi\/wp-json\/wp\/v2\/pages\/12321\/revisions\/12544"}],"wp:attachment":[{"href":"https:\/\/cizgi.k12.tr\/cizgi-yazilim-lisesi\/wp-json\/wp\/v2\/media?parent=12321"}],"curies":[{"name":"wp","href":"https:\/\/api.w.org\/{rel}","templated":true}]}}